{"id":41,"date":"2025-02-22T14:52:43","date_gmt":"2025-02-22T11:52:43","guid":{"rendered":"https:\/\/www.vakumpompasitamiri.com\/?page_id=41"},"modified":"2025-02-22T14:52:43","modified_gmt":"2025-02-22T11:52:43","slug":"teknik-servis","status":"publish","type":"page","link":"https:\/\/buschvakumpompasiservisi.com\/index.php\/teknik-servis\/","title":{"rendered":"Teknik Servis"},"content":{"rendered":"<h5 class=\"widget_title\">Teknik Servis<\/h5>\n<ul>\n<li><a href=\"https:\/\/web.archive.org\/web\/20190415194633\/http:\/\/vakumpompasitamiri.com\/her-marka-pompa-ve-buster-cesitleri\/\">her marka pompa ve buster \u00e7e\u015fitleri<\/a><\/li>\n<li><a href=\"https:\/\/web.archive.org\/web\/20190415194633\/http:\/\/vakumpompasitamiri.com\/baratti-vakum-pompasi\/\">baratt\u0131 vakum pompas\u0131<\/a><\/li>\n<li><a href=\"https:\/\/web.archive.org\/web\/20190415194633\/http:\/\/vakumpompasitamiri.com\/kinney-vakum-pompasi\/\">K\u0131nney vakum pompas\u0131<\/a><\/li>\n<li><a href=\"https:\/\/web.archive.org\/web\/20190415194633\/http:\/\/vakumpompasitamiri.com\/edwards-vakum-pompasi\/\">edwards vakum pompas\u0131<\/a><\/li>\n<li><a href=\"https:\/\/web.archive.org\/web\/20190415194633\/http:\/\/vakumpompasitamiri.com\/oerlikon-leybold-vakum-pompasi\/\">oerlikon leybold vakum pompas\u0131<\/a><\/li>\n<li><a href=\"https:\/\/web.archive.org\/web\/20190415194633\/http:\/\/vakumpompasitamiri.com\/busch-vakum-pompas\/\">busch vakum pompas\u0131<\/a><\/li>\n<li><a href=\"https:\/\/web.archive.org\/web\/20190415194633\/http:\/\/vakumpompasitamiri.com\/booster-vakum-pompasi\/\">booster vakum pompas\u0131<\/a><\/li>\n<li><a href=\"https:\/\/web.archive.org\/web\/20190415194633\/http:\/\/vakumpompasitamiri.com\/vakum-pompasi-nedir\/\">Vakum pompas\u0131 nedir?<\/a><\/li>\n<li><a href=\"https:\/\/web.archive.org\/web\/20190415194633\/http:\/\/vakumpompasitamiri.com\/vakum-busteri-nedir\/\">Vakum busteri nedir?<\/a><\/li>\n<li><a href=\"https:\/\/web.archive.org\/web\/20190415194633\/http:\/\/vakumpompasitamiri.com\/vakum-pompasi-ile-vakum-busteri-tamiri-esnasinda-kullanilan-yedek-parcalar\/\">Vakum pompas\u0131 ile vakum busteri tamiri esnas\u0131nda kullan\u0131lan yedek par\u00e7alar.<\/a><\/li>\n<li><a href=\"https:\/\/web.archive.org\/web\/20190415194633\/http:\/\/vakumpompasitamiri.com\/vakum-nedir\/\">Vakum Nedir?<\/a><\/li>\n<li><a href=\"https:\/\/web.archive.org\/web\/20190415194633\/http:\/\/vakumpompasitamiri.com\/vakum-pompasinin-kullanildigi-bazi-sanayi-sektorleri\/\">Vakum Pompas\u0131n\u0131n Kullan\u0131ld\u0131\u011f\u0131 baz\u0131 Sanayi Sekt\u00f6rleri<\/a><\/li>\n<\/ul>\n","protected":false},"excerpt":{"rendered":"<p>Teknik Servis her marka pompa ve buster \u00e7e\u015fitleri baratt\u0131 vakum pompas\u0131 K\u0131nney vakum pompas\u0131 edwards vakum pompas\u0131 oerlikon leybold vakum pompas\u0131 busch vakum pompas\u0131 booster vakum pompas\u0131 Vakum pompas\u0131 nedir? Vakum busteri nedir? Vakum pompas\u0131 ile vakum busteri tamiri esnas\u0131nda kullan\u0131lan yedek par\u00e7alar. Vakum Nedir? Vakum Pompas\u0131n\u0131n Kullan\u0131ld\u0131\u011f\u0131 baz\u0131 Sanayi Sekt\u00f6rleri<\/p>\n","protected":false},"author":1,"featured_media":0,"parent":0,"menu_order":0,"comment_status":"closed","ping_status":"closed","template":"","meta":{"footnotes":""},"class_list":["post-41","page","type-page","status-publish","hentry"],"_links":{"self":[{"href":"https:\/\/buschvakumpompasiservisi.com\/index.php\/wp-json\/wp\/v2\/pages\/41","targetHints":{"allow":["GET"]}}],"collection":[{"href":"https:\/\/buschvakumpompasiservisi.com\/index.php\/wp-json\/wp\/v2\/pages"}],"about":[{"href":"https:\/\/buschvakumpompasiservisi.com\/index.php\/wp-json\/wp\/v2\/types\/page"}],"author":[{"embeddable":true,"href":"https:\/\/buschvakumpompasiservisi.com\/index.php\/wp-json\/wp\/v2\/users\/1"}],"replies":[{"embeddable":true,"href":"https:\/\/buschvakumpompasiservisi.com\/index.php\/wp-json\/wp\/v2\/comments?post=41"}],"version-history":[{"count":0,"href":"https:\/\/buschvakumpompasiservisi.com\/index.php\/wp-json\/wp\/v2\/pages\/41\/revisions"}],"wp:attachment":[{"href":"https:\/\/buschvakumpompasiservisi.com\/index.php\/wp-json\/wp\/v2\/media?parent=41"}],"curies":[{"name":"wp","href":"https:\/\/api.w.org\/{rel}","templated":true}]}}